{"id":16,"date":"2022-09-14T17:30:16","date_gmt":"2022-09-14T17:30:16","guid":{"rendered":"https:\/\/www.aslaci.org\/web\/?page_id=16"},"modified":"2022-09-14T17:31:15","modified_gmt":"2022-09-14T17:31:15","slug":"acerca-de-aslaci","status":"publish","type":"page","link":"https:\/\/www.aslaci.org\/web\/acerca-de-aslaci\/","title":{"rendered":"Acerca de ASLACI"},"content":{"rendered":"\n<p>Durante muchos a\u00f1os, los finalmente fundadores de ASLACI, compartimos el inter\u00e9s por la prevenci\u00f3n y el control de infecciones asociadas a la atenci\u00f3n sanitaria (IAAS). Reiteradas veces debatimos, discutimos, reflexionamos, creamos, sugerimos, so\u00f1amos, hicimos y educamos en conjunto. De ese rico y prolongado intercambio profesional surgi\u00f3 la amistad y con ella el trabajo en equipo se volvi\u00f3 m\u00e1s f\u00e1cil, hasta que decidimos fundar ASLACI.<br><strong>ASLACI Asociaci\u00f3n latinoamericana para el control de infecciones<\/strong>, es una asociaci\u00f3n civil sin fines de lucro, con sede en la ciudad de M\u00e9xico, que nuclea profesionales latinoamericanos interesados en la prevenci\u00f3n y control de IAAS.<\/p>\n\n\n\n<h1 class=\"wp-block-heading\">FINES DE ASLACI<\/h1>\n\n\n\n<p>a) Dar apoyo cient\u00edfico a los profesionales y entidades que tengan inter\u00e9s en el control de (IAAS)<br>b) Capacitar al personal del equipo de salud en materias relacionadas con prevenci\u00f3n y control de IAAS y calidad de atenci\u00f3n<br>c) Organizar y\/o participar en cursos, congresos, conferencias, seminarios y reuniones t\u00e9cnicas y\/o cient\u00edficas relacionadas con IAAS o calidad de atenci\u00f3n<br>d) Participar y\/o promover la investigaci\u00f3n y la actualizaci\u00f3n cient\u00edfica en IAAS<br>e) Coordinar y\/o participar en la publicaci\u00f3n de libros y revistas, gu\u00edas, recomendaciones, consensos y documentos de posicionamiento en IAAS y temas afines,<br>f) Colaborar con entidades educativas o culturales, en la divulgaci\u00f3n del conocimiento y el estudio sobre el control de IAAS;<br>g) Promover el intercambio con profesionales y entidades afines en los pa\u00edses latinoamericanos o de otros continentes<br>h) Promover el intercambio de experiencias e integraci\u00f3n de los miembros de esta entidad;<br>i) Dar o participar en cursos de especializaci\u00f3n, extensi\u00f3n universitaria, o post-graduaci\u00f3n; procurando obtener la respectiva acreditaci\u00f3n y autorizaci\u00f3n de los \u00f3rganos competentes;<br>j) Prestar servicios de asesor\u00eda y consultor\u00eda t\u00e9cnico-cient\u00edficos a instituciones, de naturaleza p\u00fablica o privada, siempre que los honorarios recibidos por estos servicios sean vertidos, en su totalidad a la Sociedad que los utilizar\u00e1 para la obtenci\u00f3n de sus objetivos, no siendo en ning\u00fan caso considerados como fuente de lucro.<br>k) Dar apoyo, consejer\u00eda t\u00e9cnica a sus asociados.<\/p>\n","protected":false},"excerpt":{"rendered":"<p>Durante muchos a\u00f1os, los finalmente fundadores de ASLACI, compartimos el inter\u00e9s por la prevenci\u00f3n y el control de infecciones asociadas a la atenci\u00f3n sanitaria (IAAS).<\/p>\n","protected":false},"author":1,"featured_media":0,"parent":0,"menu_order":0,"comment_status":"closed","ping_status":"closed","template":"","meta":{"footnotes":""},"class_list":["post-16","page","type-page","status-publish","hentry"],"_links":{"self":[{"href":"https:\/\/www.aslaci.org\/web\/wp-json\/wp\/v2\/pages\/16","targetHints":{"allow":["GET"]}}],"collection":[{"href":"https:\/\/www.aslaci.org\/web\/wp-json\/wp\/v2\/pages"}],"about":[{"href":"https:\/\/www.aslaci.org\/web\/wp-json\/wp\/v2\/types\/page"}],"author":[{"embeddable":true,"href":"https:\/\/www.aslaci.org\/web\/wp-json\/wp\/v2\/users\/1"}],"replies":[{"embeddable":true,"href":"https:\/\/www.aslaci.org\/web\/wp-json\/wp\/v2\/comments?post=16"}],"version-history":[{"count":2,"href":"https:\/\/www.aslaci.org\/web\/wp-json\/wp\/v2\/pages\/16\/revisions"}],"predecessor-version":[{"id":19,"href":"https:\/\/www.aslaci.org\/web\/wp-json\/wp\/v2\/pages\/16\/revisions\/19"}],"wp:attachment":[{"href":"https:\/\/www.aslaci.org\/web\/wp-json\/wp\/v2\/media?parent=16"}],"curies":[{"name":"wp","href":"https:\/\/api.w.org\/{rel}","templated":true}]}}