{"id":267,"date":"2022-10-17T23:35:35","date_gmt":"2022-10-17T23:35:35","guid":{"rendered":"https:\/\/www.aslaci.org\/web\/?page_id=267"},"modified":"2025-09-10T15:00:46","modified_gmt":"2025-09-10T15:00:46","slug":"presentaciones","status":"publish","type":"page","link":"https:\/\/www.aslaci.org\/web\/presentaciones\/","title":{"rendered":"Presentaciones"},"content":{"rendered":"\n<p class=\"has-text-align-center has-large-font-size\"><strong>Webinar<\/strong> <br>Presentaci\u00f3n del <strong>9\/9\/25 &#8211; Paquetes de Medidas. Dr Roncancio (Colombia)<\/strong><\/p>\n\n\n\n<p class=\"has-text-align-center\"><a href=\"https:\/\/aslaci.org\/publicaciones-gratis\/presentaciones\/Paquetes de medidas en contexto LA Webinar Dr Roncancio 2025.pdf\" target=\"_blank\" rel=\"noreferrer noopener\"><img decoding=\"async\" width=\"32px\" src=\"https:\/\/aslaci.org\/img\/descarga.png\"><\/a><\/p>\n\n\n\n<hr class=\"wp-block-separator has-alpha-channel-opacity\"\/>\n\n\n\n<p class=\"has-medium-font-size\">Premios <strong>CONGRESO PANAMERICANO 2024<\/strong>:<\/p>\n\n\n\n<p><strong>1er PREMIO TRABAJOS LIBRES CONGRESO PANAMERICANO 2024<\/strong><br><strong>Neumon\u00edas no asociadas a ventilador en ni\u00f1os, a m\u00e1s de 10 a\u00f1os<br>de vigilancia epidemiol\u00f3gica activa: \u00bfQu\u00e9 funciona?<\/strong><br>Daniela de la Rosa Zamboni, Ana Carmen Guerrero D\u00edaz, Fernando Ortega Riosvelasco. <br><a rel=\"noreferrer noopener\" href=\"https:\/\/aslaci.org\/publicaciones-gratis\/presentaciones\/1er premio trabajo libre XII congreso IAAS 2024.pdf\" target=\"_blank\"><img decoding=\"async\" width=\"32px\" src=\"https:\/\/aslaci.org\/img\/descarga.png\"><\/a><\/p>\n\n\n\n<p><strong>2do PREMIO- TRABAJOS LIBRES. XII CONGRESO PANAMERICANO IAAS 2024<\/strong><br><strong>USO DE ANTIBI\u00d3TICOS EN PACIENTES INTERNADOS<br>DURANTE NOVIEMBRE 2023 EN EL HOSPITAL NACIONAL<br>DOS DE MAYO, LIMA \u2013 PER\u00da.<\/strong><br>Gustavo A. Grandez Castillo, Carmen Lam Villoslada, Jaime \u00c1lvarezcano Berroa<br><a rel=\"noreferrer noopener\" href=\"https:\/\/aslaci.org\/publicaciones-gratis\/presentaciones\/2DO premio trabajo libre XII congreso IAAS 2024.pdf\" target=\"_blank\"><img decoding=\"async\" width=\"32px\" src=\"https:\/\/aslaci.org\/img\/descarga.png\"><\/a><\/p>\n\n\n\n<p><strong>3er PREMIO TRABAJOS LIBRE. XII CONGRESO PANAMERICANO 2024<\/strong><br><strong>PROGRAMA DE GESTI\u00d3N DE ANTIMICROBIANOS, COMUNICACI\u00d3N Y FEEDBACK: UNA ENCUESTA NACIONAL BRASILE\u00d1A*<\/strong><br>Eliane C. Krummenauer, Jane D. P. Renner, Mara Rubia S. Gon\u00e7alves, Marcelo Carneiro |Grupo Stewardship Brasil <\/p>\n\n\n\n<p><a href=\"https:\/\/aslaci.org\/publicaciones-gratis\/presentaciones\/3ER premio trabajo libre XII Panamericano IAAS 2024.pdf\" target=\"_blank\" rel=\"noreferrer noopener\"><img decoding=\"async\" width=\"32px\" src=\"https:\/\/aslaci.org\/img\/descarga.png\"><\/a><\/p>\n\n\n\n<p><a rel=\"noreferrer noopener\" href=\"https:\/\/aslaci.org\/web\/wp-content\/uploads\/2023\/03\/estado_arte reprocesamiento endoscopios GUERRA.pdf\" target=\"_blank\">Estado del arte del reprocesamiento de endoscopios, 2020. Silvia Guerra <img decoding=\"async\" width=\"32px\" src=\"https:\/\/aslaci.org\/img\/descarga.png\"><\/a><\/p>\n\n\n\n<p><a rel=\"noreferrer noopener\" href=\"https:\/\/aslaci.org\/publicaciones-gratis\/presentaciones\/TRASMISION%20AEREA%20DE%20SARSCOV2%20CHILE%20CONGRESO%20SPECH%202021.pdf\" target=\"_blank\">SARS-CoV_2 y transmisi\u00f3n por aerosoles. Lic. Silvia Guerra &nbsp;<img decoding=\"async\" width=\"32px\" src=\"https:\/\/aslaci.org\/img\/descarga.png\"><\/a><\/p>\n\n\n\n<p><a href=\"https:\/\/aslaci.org\/publicaciones-gratis\/presentaciones\/Rol%20ambiente%20en%20IAAS%20y%20MR%20Nercelles%202021.pdf\" target=\"_blank\" rel=\"noreferrer noopener\">Evidencia de transmisi\u00f3n de IAAS a traves de superficies y microorganismos involucrados.<br>Dr Patricio Nercelles Mu\u00f1oz. Webinar de ASLACI. Actualizaci\u00f3n en IAAS en Tiempos de Pandemia. 27 de julio de 2021.&nbsp;<img decoding=\"async\" src=\"https:\/\/aslaci.org\/img\/descarga.png\" width=\"32px\"><\/a><\/p>\n\n\n\n<p><a href=\"https:\/\/aslaci.org\/publicaciones-gratis\/presentaciones\/Chlorhexidina%20antise%CC%81ptico%20de%20actualidad%202022.pdf\" target=\"_blank\" rel=\"noreferrer noopener\">Clorhexidina: antis\u00e9ptico de actualidad. Dra Carmen Soria. A\u00f1o 2022<img decoding=\"async\" src=\"https:\/\/aslaci.org\/img\/descarga.png\" width=\"32px\"><\/a><\/p>\n\n\n\n<p><a href=\"https:\/\/aslaci.org\/publicaciones-gratis\/presentaciones\/fallas%20en%20la%20higiene%20hospitalaria.pdf\" target=\"_blank\" rel=\"noreferrer noopener\">Fallas en la Higiene Hospitalaria. ECI Elena Andi\u00f3n. A\u00f1o 2022.<img decoding=\"async\" src=\"https:\/\/aslaci.org\/img\/descarga.png\" width=\"32px\"><\/a><\/p>\n\n\n\n<figure class=\"wp-block-image\"><a href=\"https:\/\/aslaci.org\/publicaciones-gratis\/ISQ%202022.pdf\" target=\"_blank\" rel=\"noreferrer noopener\"><img decoding=\"async\" src=\"https:\/\/aslaci.org\/img\/Captura1.JPG\" alt=\"\"\/><\/a><\/figure>\n\n\n\n<p>Infecciones de sitio quir\u00fargico (ISQ):<br>novedades y aspectos generales. A\u00f1o 2022.<br>Autor: Lic. Mg. Silvia Guerra (Uruguay)<br><a href=\"https:\/\/aslaci.org\/publicaciones-gratis\/ISQ%202022.pdf\">Descargar PDF&nbsp;<img decoding=\"async\" src=\"https:\/\/aslaci.org\/img\/descarga.png\" width=\"32px\"><\/a><\/p>\n\n\n\n<figure class=\"wp-block-image\"><a href=\"https:\/\/aslaci.org\/publicaciones-gratis\/Lecciones%20aprendidas%20de%20la%20dispersi%C3%B3n%20de%20carbapenemasas%20y%20otros%20GMR%202022.pdf\" target=\"_blank\" rel=\"noreferrer noopener\"><img decoding=\"async\" src=\"https:\/\/aslaci.org\/img\/Captura2.JPG\" alt=\"\"\/><\/a><\/figure>\n\n\n\n<p>Dispersi\u00f3n de enterobacterias productoras de carbapenemasas y otros microrganismos multiresistentes post-pandemia. A\u00f1o 2022.<br>Autor: Lic. Mg. Silvia Guerra (Uruguay)<br><a href=\"https:\/\/aslaci.org\/publicaciones-gratis\/Lecciones%20aprendidas%20de%20la%20dispersi%C3%B3n%20de%20carbapenemasas%20y%20otros%20GMR%202022.pdf\" target=\"_blank\" rel=\"noreferrer noopener\">Descargar PDF&nbsp;<img decoding=\"async\" src=\"https:\/\/aslaci.org\/img\/descarga.png\" width=\"32px\"><\/a><\/p>\n\n\n\n<p><strong>Programas de Racionalizaci\u00f3n y Optimizaci\u00f3n del Uso de Antimicrobianos<\/strong><br>Contribuciones de enfermer\u00eda a los PROA<br>Porqu\u00e9 es importante la participaci\u00f3n de enfermer\u00eda?<br>Que debe comunicarla enfermera?<br>Rol de la enfermera en PROA<br>Monitoreo terape\u00fatico<br>El impacto de las enfermeras en el proceso del paciente<br>Que debe saber enfermer\u00eda?<br>Educar a enfermer\u00eda en antimicrobianos<br><a href=\"https:\/\/aslaci.org\/publicaciones-gratis\/documentos-texto\/ROL%20ENFERMERA%20PROA%202019.pdf\" target=\"_blank\" rel=\"noreferrer noopener\">Descargar PDF&nbsp;<img decoding=\"async\" src=\"https:\/\/aslaci.org\/img\/descarga.png\" width=\"32px\"><\/a><\/p>\n\n\n\n<p>Prevencion de la neumonia posoperatoria<br>Lic SIlvia Guerra. ASLACI 2019<br><a href=\"https:\/\/aslaci.org\/img\/presentaciones\/PREVENCION%20DE%20NEUMONIA%20POSTQUIRURGICA%20aslaci%202019.pdf\" target=\"_blank\" rel=\"noreferrer noopener\">Descargar PDF&nbsp;<img decoding=\"async\" src=\"https:\/\/aslaci.org\/img\/descarga.png\" width=\"32px\"><\/a><\/p>\n","protected":false},"excerpt":{"rendered":"<p>Webinar Presentaci\u00f3n del 9\/9\/25 &#8211; Paquetes de Medidas. Dr Roncancio (Colombia) Premios CONGRESO PANAMERICANO 2024: 1er PREMIO TRABAJOS LIBRES CONGRESO PANAMERICANO 2024Neumon\u00edas no asociadas a<\/p>\n","protected":false},"author":1,"featured_media":0,"parent":0,"menu_order":0,"comment_status":"closed","ping_status":"closed","template":"","meta":{"footnotes":""},"class_list":["post-267","page","type-page","status-publish","hentry"],"_links":{"self":[{"href":"https:\/\/www.aslaci.org\/web\/wp-json\/wp\/v2\/pages\/267","targetHints":{"allow":["GET"]}}],"collection":[{"href":"https:\/\/www.aslaci.org\/web\/wp-json\/wp\/v2\/pages"}],"about":[{"href":"https:\/\/www.aslaci.org\/web\/wp-json\/wp\/v2\/types\/page"}],"author":[{"embeddable":true,"href":"https:\/\/www.aslaci.org\/web\/wp-json\/wp\/v2\/users\/1"}],"replies":[{"embeddable":true,"href":"https:\/\/www.aslaci.org\/web\/wp-json\/wp\/v2\/comments?post=267"}],"version-history":[{"count":7,"href":"https:\/\/www.aslaci.org\/web\/wp-json\/wp\/v2\/pages\/267\/revisions"}],"predecessor-version":[{"id":693,"href":"https:\/\/www.aslaci.org\/web\/wp-json\/wp\/v2\/pages\/267\/revisions\/693"}],"wp:attachment":[{"href":"https:\/\/www.aslaci.org\/web\/wp-json\/wp\/v2\/media?parent=267"}],"curies":[{"name":"wp","href":"https:\/\/api.w.org\/{rel}","templated":true}]}}