{"id":269,"date":"2022-10-17T23:36:10","date_gmt":"2022-10-17T23:36:10","guid":{"rendered":"https:\/\/www.aslaci.org\/web\/?page_id=269"},"modified":"2026-03-02T17:14:55","modified_gmt":"2026-03-02T17:14:55","slug":"videos","status":"publish","type":"page","link":"https:\/\/www.aslaci.org\/web\/videos\/","title":{"rendered":"Videos"},"content":{"rendered":"\n<p><strong>Visite nuestra cuenta de YOU TUBE @ASLACI y suscr\u00edbase para estar al tanto de los videos publicados<\/strong><\/p>\n\n\n\n<p>2 de Marzo del 2026 &#8211; Video del webinar del 25 febrero 2026. \u00abPrompt Engineering: dominando notebookLM y gemini en la prevenci\u00f3n de control de IAAS\u00bb . Acceda al video en este enlace a nuestra cuenta de you tube:\u00a0<a href=\"https:\/\/youtu.be\/KZx2VM2gwq4\" target=\"_blank\" rel=\"noreferrer noopener\">https:\/\/youtu.be\/KZx2VM2gwq4<\/a><\/p>\n\n\n\n<p><strong>29 de Agosto del 2022<\/strong>Accede a la grabaci\u00f3n de conferencia de Viruela simica (Dr Nercelles) y COVID-19 e IAAS (Enf. Pola Brenner) en nuestro canal de you tube .<br><a href=\"https:\/\/youtu.be\/VYlbVi6-qzQ\" target=\"_blank\" rel=\"noreferrer noopener\">Ver en YouTube<\/a><\/p>\n\n\n\n<p><strong>14 agosto 2022.<\/strong>Acceda a ver el video de la Dra Carina Tenaglia sobre Infecciones posquir\u00fargicas en cirug\u00eda con implantes. Describe la epidemiolog\u00eda, los factores de riesgo, la prevenci\u00f3n, la clasificaci\u00f3n de las infecciones post quir\u00fargicas y los tratamientos.<br><a href=\"https:\/\/youtu.be\/rHApOol7xoI\" target=\"_blank\" rel=\"noreferrer noopener\">Infecci\u00f3n postquirurgica relacionada a implantes; pr\u00f3tesis y osteos\u00edntesis.<\/a><\/p>\n\n\n\n<p><strong>14 de Junio 2021<\/strong>Acceda a ver el video del Webinar del 9 de Junio sobre:<br><a href=\"https:\/\/drive.google.com\/file\/d\/1BHrXh_21e8DiLXGqnmn_1kSvxXAbPJEt\/view\" target=\"_blank\" rel=\"noreferrer noopener\">COVID 19 &#8211; Actualizaci\u00f3n en la Transmisi\u00f3n por Aerosoles y Protecci\u00f3n Respiratoria<\/a><\/p>\n\n\n\n<p><strong>12 de Mayo 2020<\/strong>Video demostrativo de colocacion y retiro de EPP para COVID-19 COVID-19. Recomendaciones para el buen uso del Equipo de Protecci\u00f3n Pers&#8230;<br>Autores<br>SUMI, SIQU y Catedra Enf. Infecciosas con colaboraci\u00f3n de ASLACI<br><a href=\"https:\/\/youtu.be\/7S2AStG1zOg\">Youtu.be\/7S2AStG1zOg a trav\u00e9s de @YouTube<br><br><\/a>https:\/\/www.youtube.com\/embed\/7S2AStG1zOg<\/p>\n\n\n\n<p><strong>24 de Marzo 2020<\/strong>Mensaje de Enf. Pola Brenner, presidente de ASLACI, con motivo de la pandemia de COVID-19<\/p>\n\n\n\n<figure class=\"wp-block-embed is-type-rich is-provider-gestor-del-servicio wp-block-embed-gestor-del-servicio wp-embed-aspect-16-9 wp-has-aspect-ratio\"><div class=\"wp-block-embed__wrapper\">\n<iframe loading=\"lazy\" title=\"Mensaje de Enf. Pola Brenner, presidente de ASLACI, con motivo de la  pandemia de COVID-19\" width=\"640\" height=\"360\" src=\"https:\/\/www.youtube.com\/embed\/hlsp4G-76qw?feature=oembed\" frameborder=\"0\" allow=\"accelerometer; autoplay; clipboard-write; encrypted-media; gyroscope; picture-in-picture; web-share\" referrerpolicy=\"strict-origin-when-cross-origin\" allowfullscreen><\/iframe>\n<\/div><\/figure>\n\n\n\n<p><a href=\"https:\/\/youtu.be\/hlsp4G-76qw\" target=\"_blank\" rel=\"noreferrer noopener\">Ver video en YouTube<\/a><\/p>\n\n\n\n<p><strong>20 de Marzo 2020<\/strong>Escuche la teleconferencia sobre uso de equipamiento protectivo para prevenir contagio de COVID-19<br>Invitada Lic. Mg. Silvia Guerra<\/p>\n\n\n\n<figure class=\"wp-block-embed is-type-rich is-provider-gestor-del-servicio wp-block-embed-gestor-del-servicio wp-embed-aspect-16-9 wp-has-aspect-ratio\"><div class=\"wp-block-embed__wrapper\">\n<iframe loading=\"lazy\" title=\"Telecl\u00ednica ECHO EXTRAORDINARIA COVID-19: Medidas de prevenci\u00f3n del personal de salud.\" width=\"640\" height=\"360\" src=\"https:\/\/www.youtube.com\/embed\/veDPPi2mXhs?feature=oembed\" frameborder=\"0\" allow=\"accelerometer; autoplay; clipboard-write; encrypted-media; gyroscope; picture-in-picture; web-share\" referrerpolicy=\"strict-origin-when-cross-origin\" allowfullscreen><\/iframe>\n<\/div><\/figure>\n\n\n\n<p><a href=\"https:\/\/youtu.be\/XYakC4aJR18\" target=\"_blank\" rel=\"noreferrer noopener\">Link: youtu.be\/XYakC4aJR18<\/a><\/p>\n\n\n\n<p>Presentacion de la Lic Mg Silvia Guerra sobre las precauciones de contacto, indicaciones, problemas con el uso de EPP y eventos adversos relacionados con el paciente aislado.<\/p>\n\n\n\n<figure class=\"wp-block-embed is-type-rich is-provider-gestor-del-servicio wp-block-embed-gestor-del-servicio wp-embed-aspect-4-3 wp-has-aspect-ratio\"><div class=\"wp-block-embed__wrapper\">\n<iframe loading=\"lazy\" title=\"Precauciones de contacto en hospitales ASLACI\" width=\"640\" height=\"480\" src=\"https:\/\/www.youtube.com\/embed\/aWn_bLq7BM8?feature=oembed\" frameborder=\"0\" allow=\"accelerometer; autoplay; clipboard-write; encrypted-media; gyroscope; picture-in-picture; web-share\" referrerpolicy=\"strict-origin-when-cross-origin\" allowfullscreen><\/iframe>\n<\/div><\/figure>\n\n\n\n<p><a href=\"https:\/\/youtu.be\/aWn_bLq7BM8\" target=\"_blank\" rel=\"noreferrer noopener\">Link: youtu.be\/aWn_bLq7BM8<\/a><\/p>\n","protected":false},"excerpt":{"rendered":"<p>Visite nuestra cuenta de YOU TUBE @ASLACI y suscr\u00edbase para estar al tanto de los videos publicados 2 de Marzo del 2026 &#8211; Video del<\/p>\n","protected":false},"author":1,"featured_media":0,"parent":0,"menu_order":0,"comment_status":"closed","ping_status":"closed","template":"","meta":{"footnotes":""},"class_list":["post-269","page","type-page","status-publish","hentry"],"_links":{"self":[{"href":"https:\/\/www.aslaci.org\/web\/wp-json\/wp\/v2\/pages\/269","targetHints":{"allow":["GET"]}}],"collection":[{"href":"https:\/\/www.aslaci.org\/web\/wp-json\/wp\/v2\/pages"}],"about":[{"href":"https:\/\/www.aslaci.org\/web\/wp-json\/wp\/v2\/types\/page"}],"author":[{"embeddable":true,"href":"https:\/\/www.aslaci.org\/web\/wp-json\/wp\/v2\/users\/1"}],"replies":[{"embeddable":true,"href":"https:\/\/www.aslaci.org\/web\/wp-json\/wp\/v2\/comments?post=269"}],"version-history":[{"count":5,"href":"https:\/\/www.aslaci.org\/web\/wp-json\/wp\/v2\/pages\/269\/revisions"}],"predecessor-version":[{"id":718,"href":"https:\/\/www.aslaci.org\/web\/wp-json\/wp\/v2\/pages\/269\/revisions\/718"}],"wp:attachment":[{"href":"https:\/\/www.aslaci.org\/web\/wp-json\/wp\/v2\/media?parent=269"}],"curies":[{"name":"wp","href":"https:\/\/api.w.org\/{rel}","templated":true}]}}