{"id":281,"date":"2022-10-24T21:37:24","date_gmt":"2022-10-24T21:37:24","guid":{"rendered":"https:\/\/www.aslaci.org\/web\/?page_id=281"},"modified":"2026-02-26T18:19:57","modified_gmt":"2026-02-26T18:19:57","slug":"certificacion","status":"publish","type":"page","link":"https:\/\/www.aslaci.org\/web\/certificacion\/","title":{"rendered":"Certificaci\u00f3n en Control de Infecciones"},"content":{"rendered":"\n<p><strong>NUEVA EDICION DEL EXAMEN DE CERTIFICACION PROFESIONAL EN CONTROL DE IAAS<\/strong><\/p>\n\n\n\n<figure class=\"wp-block-image size-large\"><img decoding=\"async\" src=\"https:\/\/aslaci.org\/img\/banners\/INVITACION-AL-EXAMEN-DE-CERTIFICACION-2026.jpg\" alt=\"\"\/><\/figure>\n\n\n\n<p><strong>Los Delfines Hotel, Lima-Peru.<\/strong><br><strong>12 de noviembrede 2026.  (solo presencial)<\/strong><br><br><\/p>\n\n\n\n<p><strong>ASOCIACI\u00d3N LATINOAMERICANA PARA EL CONTROL DE INFECCIONES<\/strong><\/p>\n\n\n\n<p>-ASLACI-<\/p>\n\n\n\n<p>Fundada el 21 de agosto de 2018<\/p>\n\n\n\n<h1 class=\"wp-block-heading\">1.&nbsp;&nbsp;&nbsp; Introducci\u00f3n<\/h1>\n\n\n\n<p>La Asociaci\u00f3n latinoamericana para el control de infecciones (ASLACI), es una asociaci\u00f3n civil sin fines de lucro, que nuclea profesionales latinoamericanos interesados en la prevenci\u00f3n y control de infecciones asociadas a la atenci\u00f3n en salud (IAAS), a fin de dar apoyo cient\u00edfico a los profesionales y entidades que tengan inter\u00e9s y\/o que trabajan tema de las IAAS.<\/p>\n\n\n\n<p>Nuestra finalidad es la difusion del conocimiento cientifico dando a conocer recomendaciones basadas en evidencia, as\u00ed como las medidas de prevenci\u00f3n y control de infecciones en los establecimientos de salud como estrategia fundamental en la seguridad de los pacientes y del personal en los entornos sanitarios.<\/p>\n\n\n\n<p>La prevenci\u00f3n y control de infecciones se traduce en la aplicaci\u00f3n de estrategias y pr\u00e1cticas en la atenci\u00f3n directa de pacientes. Para lo anterior, se ha demostrado que se debe contar con los conocimientos necesarios para controlar de forma efectiva la propagaci\u00f3n de infecciones end\u00e9micas y epid\u00e9micas en los entornos sanitarios. El \u00e1mbito de acci\u00f3n abarca la protecci\u00f3n de los pacientes y personal tanto en hospitales como otros centros<\/p>\n\n\n\n<p>de salud incluyendo establecimientos de atenci\u00f3n ambulatoria, residencias de ancianos y centros de rehabilitaci\u00f3n.<\/p>\n\n\n\n<p>Como profesional de la salud, la obtenci\u00f3n de una <strong>Certificaci\u00f3n en Control de Infecciones <\/strong>constituye un respaldo a sus conocimientos y aptitudes en el campo de IAAS y refuerza sin dudas su curriculun contribuyendo en forma importante al esfuerzo realizado. Si usted es un profesional sanitario o se desmpe\u00f1a en salud p\u00fablica o en materias relacionadas con IAAS, es posible que desee constatar sus conocimientos y brechas a fin de determinar qu\u00e9 habilidades deberia mejorar.<\/p>\n\n\n\n<p><strong>La Certificaci\u00f3n en Control de Infecciones <\/strong>le otorgar\u00e1 una credencial por parte de ASLACI que avala los conocimientos te\u00f3ricos necesarios para desempe\u00f1arse en el campo de las IAAS de acuerdo a la evidencia disponible al momento de la certificaci\u00f3n.<\/p>\n\n\n\n<p>El desarrollo de esta <strong>Certificaci\u00f3n en Control de Infecciones, <\/strong>se inscribe en la programaci\u00f3n de ASLACI, que inicia a partir del a\u00f1o 2023, y por los pr\u00f3ximos tres a\u00f1os, consciente de nuestra responsabilidad en proveer recursos para mejorar la prevenci\u00f3n y control de IAAS en la regi\u00f3n latinoamericana.<\/p>\n\n\n\n<h1 class=\"wp-block-heading\">2.&nbsp;&nbsp;&nbsp; Prop\u00f3sito<\/h1>\n\n\n\n<p>Proveer una evaluaci\u00f3n estandarizada que mida los conocimientos esenciales necesarios en la prevenci\u00f3n de IAAS por el equipo de salud y otorgar una herramienta a los profesionales que les permita identificar el nivel de sus conocimientos y aportar elementos curriculares<\/p>\n\n\n\n<h1 class=\"wp-block-heading\">3.&nbsp;&nbsp;&nbsp; Misi\u00f3n de ASLACI<\/h1>\n\n\n\n<p>Desarrollar actividades cient\u00edficas y promover el intercambio de experiencias a fin de contribuir en la prevenci\u00f3n de infecciones y calidad de atenci\u00f3n en Latinoam\u00e9rica.<\/p>\n\n\n\n<h1 class=\"wp-block-heading\">4.&nbsp;&nbsp;&nbsp; Visi\u00f3n de ASLACI<\/h1>\n\n\n\n<p>Ser la asociaci\u00f3n profesional l\u00edder en Latinoam\u00e9rica, en la promoci\u00f3n de pr\u00e1cticas de impacto en la prevenci\u00f3n y control de infecciones asociadas a la asistencia sanitaria (IAAS).<\/p>\n\n\n\n<h1 class=\"wp-block-heading\">5.&nbsp;&nbsp;&nbsp; Objetivos de la Certificaci\u00f3n<\/h1>\n\n\n\n<ol style=\"list-style-type:lower-alpha\" class=\"wp-block-list\">\n<li>Asegurar competencias en la prevenci\u00f3n y control de IAAS, mediante un proceso voluntario de aprendizaje que aporta informaci\u00f3n respecto a conocimientos y competencias que se requieren para liderar programas locales de prevenci\u00f3n y control de IAAS.<\/li>\n\n\n\n<li>Proveer informaci\u00f3n al candidato respecto a conocimientos esenciales que requieren profesionales de control de IAAS<\/li>\n\n\n\n<li>Incentivar el crecimiento profesional y el profesionalismo entre profesionales que se desempe\u00f1an en materias de IAAS<\/li>\n\n\n\n<li>Proveer un reconocimiento formal respecto a formaci\u00f3n y capacidades de los profesionales de IAAS<\/li>\n<\/ol>\n\n\n\n<h1 class=\"wp-block-heading\">6.&nbsp;&nbsp;&nbsp; Aspectos metodol\u00f3gicos<\/h1>\n\n\n\n<p>Los contenidos y materias del examen se basan en recomendaciones vigentes de agencias reguladoras, sociedades cient\u00edficas, universidades y ministerios respecto a conocimientos y aptitudes requeridas para dirigir programas de IAAS en establecimientos de salud. ASLACI es responsable de los contenidos del examen y su aprobaci\u00f3n.<\/p>\n\n\n\n<p>El examen constituye una medici\u00f3n estandarizada respecto a conocimientos y aptitudes que se espera tengan los profesionales que se desempe\u00f1an en prevenci\u00f3n y control de IAAS. Consiste en una prueba de selecci\u00f3n m\u00faltiple<\/p>\n\n\n\n<p>que contiene 100 preguntas m\u00e1s 4 preguntas bono estas preguntas adicionales se agregan a el puntaje total en caso que est\u00e9n bien respondidas.<\/p>\n\n\n\n<p>La primera versi\u00f3n de esta Certificaci\u00f3n se ofreci\u00f3 el 24 de abril del 2024 previo al Congreso Panamericano de IAAS que celebramos en Guatemala. El certificado tiene una duraci\u00f3n de 4 a\u00f1os y luego se requerir\u00e1 de una Recertificaci\u00f3n<\/p>\n\n\n\n<h1 class=\"wp-block-heading\">7.&nbsp;&nbsp;&nbsp; Requisitos del candidato al examen<\/h1>\n\n\n\n<ol style=\"list-style-type:lower-alpha\" class=\"wp-block-list\">\n<li>T\u00edtulo profesional (Universitario) de una carrera de la salud<\/li>\n\n\n\n<li>Trabajo actual como profesional de IAAS o en consultor\u00edas en la materia<\/li>\n\n\n\n<li>Experiencia profesional de al menos 3 a\u00f1os<\/li>\n\n\n\n<li>Curso de Control de Infecciones Hospitalarias o Infecciones Asociadas a la Atenci\u00f3n de la Salud de al menos 40 horas<\/li>\n<\/ol>\n\n\n\n<p>Para postular al examen el interesado debe presentar la siguiente documentaci\u00f3n:<\/p>\n\n\n\n<ol class=\"wp-block-list\">\n<li>Copia escaneada del t\u00edtulo<\/li>\n\n\n\n<li>Copia de la constancia del curso de control de Infecciones Hospitalarias o IAAS<\/li>\n\n\n\n<li>Formulario firmado por un supervisor donde conste que el candidato cumple con los requisitos de elegibilidad<\/li>\n\n\n\n<li>Descripci\u00f3n del puesto de trabajo firmada por el director\/supervisor<\/li>\n\n\n\n<li>Curriculum vitae<\/li>\n\n\n\n<li>Pago de la inversi\u00f3n del examen, que en esta primera versi\u00f3n ser\u00e1 de US$50 (Cincuenta d\u00f3lares).<\/li>\n<\/ol>\n\n\n\n<p>Como aplicar al examen de la Certificaci\u00f3n:<\/p>\n\n\n\n<p>La postulaci\u00f3n al examen se realiza a trav\u00e9s de la p\u00e1gina web de ASLACI <a href=\"http:\/\/www.aslaci.org\/\">www.aslaci.org<\/a> en la pesta\u00f1a Certificaci\u00f3n. Se debe llenar el formulario de<\/p>\n\n\n\n<p>postulaci\u00f3n, pagar la inversi\u00f3n y adjuntar la documentaci\u00f3n correspondiente. En caso de no aceptarse la postulaci\u00f3n, se reembolsar\u00e1 el dinero.<\/p>\n\n\n\n<p>La aplicaci\u00f3n no se completa hasta que el candidato recibe un correo electr\u00f3nico de confirmaci\u00f3n. En este correo se env\u00edan instrucciones respecto al examen incluyendo fecha, hora y local. La aceptaci\u00f3n a la postulaci\u00f3n, se env\u00eda en los 10 d\u00edas h\u00e1biles posterior a la aplicaci\u00f3n.<\/p>\n\n\n\n<h1 class=\"wp-block-heading\">8. Preparaci\u00f3n del examen<\/h1>\n\n\n\n<p><strong>El examen se divide en 10 secciones<\/strong><\/p>\n\n\n\n<ul class=\"wp-block-list\">\n<li>Epidemiologia de las IAAS y FR (10 preguntas)\n<ul class=\"wp-block-list\">\n<li>Magnitud del problema<\/li>\n\n\n\n<li>Cadena de transmisi\u00f3n<\/li>\n\n\n\n<li>Factores de riesgo<\/li>\n\n\n\n<li>Indicadores epidemiol\u00f3gicos<\/li>\n<\/ul>\n<\/li>\n\n\n\n<li>Vigilancia epidemiol\u00f3gica (18 preguntas)\n<ul class=\"wp-block-list\">\n<li>Sistemas de vigilancia<\/li>\n\n\n\n<li>Recolecci\u00f3n de datos<\/li>\n\n\n\n<li>Criterios de notificaci\u00f3n (definiciones)<\/li>\n\n\n\n<li>Brotes epid\u00e9micos<\/li>\n\n\n\n<li>An\u00e1lisis de la informaci\u00f3n<\/li>\n<\/ul>\n<\/li>\n\n\n\n<li>Salud ocupacional (3 preguntas)\n<ul class=\"wp-block-list\">\n<li>Inmunizaciones<\/li>\n\n\n\n<li>Manejo de exposiciones laborales<\/li>\n\n\n\n<li>Pol\u00edticas de suspensi\u00f3n temporal o definitivo de funciones<\/li>\n<\/ul>\n<\/li>\n\n\n\n<li>Microbiolog\u00eda\/Resistencia AMB (10 preguntas)\n<ul class=\"wp-block-list\">\n<li>Microorganismos problema<\/li>\n\n\n\n<li>Resistencia antimicrobiana y sus mecanismos<\/li>\n<\/ul>\n<\/li>\n\n\n\n<li>Medidas generales de prevenci\u00f3n (22 preguntas)\n<ul class=\"wp-block-list\">\n<li>Higiene de manos<\/li>\n\n\n\n<li>Antis\u00e9pticos y Desinfectantes<\/li>\n\n\n\n<li>Esterilizaci\u00f3n desinfecci\u00f3n<\/li>\n\n\n\n<li>Limpieza<\/li>\n\n\n\n<li>Aislamiento<\/li>\n<\/ul>\n<\/li>\n<\/ul>\n\n\n\n<ul class=\"wp-block-list\">\n<li>Precauciones est\u00e1ndar\n<ul class=\"wp-block-list\">\n<li>Requisitos estructurales<\/li>\n<\/ul>\n<\/li>\n<\/ul>\n\n\n\n<ul class=\"wp-block-list\">\n<li>Medidas Espec\u00edficas (25 preguntas)\n<ul class=\"wp-block-list\">\n<li>ISQ<\/li>\n\n\n\n<li>ITU<\/li>\n\n\n\n<li>ITS<\/li>\n\n\n\n<li>Endometritis<\/li>\n\n\n\n<li>Neumonia<\/li>\n\n\n\n<li>Infecciones intestinales<\/li>\n\n\n\n<li>Infecciones respiratorias virales<\/li>\n<\/ul>\n<\/li>\n\n\n\n<li>PROA\/Uso racional de AMB (4 preguntas)\n<ul class=\"wp-block-list\">\n<li>Uso racional de AMB<\/li>\n\n\n\n<li>PROA<\/li>\n<\/ul>\n<\/li>\n\n\n\n<li>Evaluaci\u00f3n de pr\u00e1cticas (4)\n<ul class=\"wp-block-list\">\n<li>Supervisi\u00f3n<\/li>\n\n\n\n<li>Indicadores de proceso<\/li>\n<\/ul>\n<\/li>\n\n\n\n<li>Liderazgo\/Comunicaci\u00f3n\/Educaci\u00f3n. (4)\n<ul class=\"wp-block-list\">\n<li>Aprendizaje en el adulto<\/li>\n\n\n\n<li>Liderazgo<\/li>\n\n\n\n<li>Comunicaci\u00f3n efectiva<\/li>\n<\/ul>\n<\/li>\n\n\n\n<li>Programas locales de Control de Infecciones (3)<\/li>\n<\/ul>\n\n\n\n<p>Las preguntas bonos pueden ser de alguno de los temas anteriores.<\/p>\n\n\n\n<p>Al realizar el pago correspondiente, recibir\u00e1 un fasc\u00edculo con instrucciones espec\u00edficas respecto al examen y algunos ejemplos de preguntas.<\/p>\n\n\n\n<p><\/p>\n\n\n\n<p>Descargar este documento en el siguiente link:<\/p>\n\n\n\n<div class=\"wp-block-buttons is-layout-flex wp-block-buttons-is-layout-flex\">\n<div class=\"wp-block-button\"><a class=\"wp-block-button__link wp-element-button\" href=\"https:\/\/aslaci.org\/web\/wp-content\/uploads\/2023\/03\/Certificacion-ASLACI-revisada-031023-acuerdos-reunion-de-ASLACI.pdf\" target=\"_blank\" rel=\"noreferrer noopener\">Descargar PDF<\/a><\/div>\n<\/div>\n\n\n\n<hr class=\"wp-block-separator has-alpha-channel-opacity\"\/>\n\n\n\n<p><strong>VERIFICADOR de AUTENTICIDAD Y VIGENCIA de Certificados de CERTIFICACION PROFESIONAL EN IAAS.<\/strong><\/p>\n\n\n\n<p>Acceda al siguiente link: <a href=\"https:\/\/aslaci.org\/certificados\/verificador.php\" target=\"_blank\" rel=\"noreferrer noopener\">https:\/\/aslaci.org\/certificados\/verificador.php<\/a><\/p>\n\n\n\n<p><\/p>\n","protected":false},"excerpt":{"rendered":"<p>NUEVA EDICION DEL EXAMEN DE CERTIFICACION PROFESIONAL EN CONTROL DE IAAS Los Delfines Hotel, Lima-Peru.12 de noviembrede 2026. (solo presencial) ASOCIACI\u00d3N LATINOAMERICANA PARA EL CONTROL<\/p>\n","protected":false},"author":1,"featured_media":0,"parent":0,"menu_order":0,"comment_status":"closed","ping_status":"closed","template":"","meta":{"footnotes":""},"class_list":["post-281","page","type-page","status-publish","hentry"],"_links":{"self":[{"href":"https:\/\/www.aslaci.org\/web\/wp-json\/wp\/v2\/pages\/281","targetHints":{"allow":["GET"]}}],"collection":[{"href":"https:\/\/www.aslaci.org\/web\/wp-json\/wp\/v2\/pages"}],"about":[{"href":"https:\/\/www.aslaci.org\/web\/wp-json\/wp\/v2\/types\/page"}],"author":[{"embeddable":true,"href":"https:\/\/www.aslaci.org\/web\/wp-json\/wp\/v2\/users\/1"}],"replies":[{"embeddable":true,"href":"https:\/\/www.aslaci.org\/web\/wp-json\/wp\/v2\/comments?post=281"}],"version-history":[{"count":25,"href":"https:\/\/www.aslaci.org\/web\/wp-json\/wp\/v2\/pages\/281\/revisions"}],"predecessor-version":[{"id":711,"href":"https:\/\/www.aslaci.org\/web\/wp-json\/wp\/v2\/pages\/281\/revisions\/711"}],"wp:attachment":[{"href":"https:\/\/www.aslaci.org\/web\/wp-json\/wp\/v2\/media?parent=281"}],"curies":[{"name":"wp","href":"https:\/\/api.w.org\/{rel}","templated":true}]}}