{"id":46,"date":"2022-09-14T17:47:59","date_gmt":"2022-09-14T17:47:59","guid":{"rendered":"https:\/\/www.aslaci.org\/web\/?page_id=46"},"modified":"2022-09-14T17:47:59","modified_gmt":"2022-09-14T17:47:59","slug":"historia","status":"publish","type":"page","link":"https:\/\/www.aslaci.org\/web\/historia\/","title":{"rendered":"Historia"},"content":{"rendered":"\n<p>CINELA es un proyecto de capacitaci\u00f3n en infecciones asociadas a la atenci\u00f3n en salud (IAAS) para latinoam\u00e9rica. Surgi\u00f3 como iniciativa de profesionales de la Universidad de Valpara\u00edso y un grupo de profesionales de diferentes pa\u00edses de la regi\u00f3n, asistentes al Congreso de IFIC realizado en Chile en el a\u00f1o 2008, en respuesta a la creciente necesidad de capacitaci\u00f3n y la escasa oferta actualizada en los diferentes pa\u00edses.<\/p>\n\n\n\n<figure class=\"wp-block-embed is-type-video is-provider-youtube wp-block-embed-youtube wp-embed-aspect-16-9 wp-has-aspect-ratio\"><div class=\"wp-block-embed__wrapper\">\n<iframe loading=\"lazy\" title=\"Cinela aa\" width=\"640\" height=\"360\" src=\"https:\/\/www.youtube.com\/embed\/RgrzlwXOfhE?feature=oembed\" frameborder=\"0\" allow=\"accelerometer; autoplay; clipboard-write; encrypted-media; gyroscope; picture-in-picture; web-share\" referrerpolicy=\"strict-origin-when-cross-origin\" allowfullscreen><\/iframe>\n<\/div><\/figure>\n\n\n\n<p>La iniciativa en primer t\u00e9rmino consisti\u00f3 en el dise\u00f1o y creaci\u00f3n de un curso b\u00e1sico en prevenci\u00f3n y control de IAAS con los contenidos m\u00ednimos que deben manejar los profesionales cl\u00ednicos para prevenir y controlar IAAS. Para impartir el curso se determin\u00f3 una estrategia de \u201ccapacitar a educadores\u201d y para estos efectos seleccionar l\u00edderes en los pa\u00edses latinoamericanos con el fin de replicar el curso en sus pa\u00edses. CINELA fue el nombre propuesto por uno de los l\u00edderes el Dr. Marti\u0301n Yagui Moscoso que fue ampliamente aprobado y significa \u201cControlando las Infecciones Nosocomiales en Latinoam\u00e9rica\u201d.<\/p>\n\n\n\n<p>El programa del curso fue liderado por la Universidad de Valpara\u00edso de Chile y la responsabilidad recay\u00f3 en los profesores de esta instituci\u00f3n Dr. Patricio Nercelles Mu\u00f1oz y Enf. Pola Brenner Friedmann. Los contenidos fueron desarrollados en conjunto con los l\u00edderes seleccionados. Los primeros 5 a\u00f1os, la empresa 3M financi\u00f3 los aspectos log\u00edsticos en el entendido que el proyecto tiene s\u00f3lo fines acad\u00e9micos y no es su prop\u00f3sito la difusi\u00f3n de informaci\u00f3n comercial ni promoci\u00f3n de productos.<\/p>\n\n\n\n<p>Los objetivos de CINELA desde su inicio fueron capacitar profesionales en pa\u00edses latinoamericanos en el establecimiento de programas locales de prevenci\u00f3n y control de IAAS, contribuir en la implementaci\u00f3n de estrategias reconocidamente efectivas en la prevenci\u00f3n de IAAS y contribuir al desarrollo de programas educativos locales en IAAS.<\/p>\n\n\n\n<p>Entre los a\u00f1os 2009 y 2014 se capacitaron 29 l\u00edderes de 20 pa\u00edses y se realizaron m\u00e1s de 200 r\u00e9plicas con m\u00e1s de 3000 profesionales capacitados. El proyecto estuvo patrocinado por la \u201cInternational Federation in Infection Control\u201d (IFIC) y Sociedades cient\u00edficas, Universidades, Ministerios de Salud y Hospitales de los distintos pa\u00edses.<\/p>\n\n\n\n<p>La iniciativa fue evolucionando en el tiempo y extendi\u00e9ndose mucho m\u00e1s all\u00e1 de los objetivos iniciales. Tal como se refiri\u00f3 en relaci\u00f3n al proyecto uno de los \u201cCinelistas\u201d el Dr. Elpidio Feliz Feliz en el 10\u00ba Congreso Panamericano de IAAS el a\u00f1o 2016, \u201cCINELA es m\u00e1s que un Curso de Prevenci\u00f3n y Control de IAAS, es un programa que incluye no s\u00f3lo el curso sino asesor\u00eda de sus miembros a pa\u00edses solicitantes, entrenamiento en \u00e1reas puntuales de la prevenci\u00f3n y el control de las IAAS y conferencias en la materia\u201d De hecho en algunos pa\u00edses constituye una de las pocas actividades de capacitaci\u00f3n formal en IAAS y ha sido parte importante en la formaci\u00f3n de profesionales de IAAS y supervisores.<\/p>\n\n\n\n<p>Por otra parte, los miembros de CINELA han tenido una participaci\u00f3n activa en congresos cient\u00edficos en Latinoam\u00e9rica y a nivel internacional.<\/p>\n\n\n\n<p>El apoyo invaluable de la empresa 3M se termin\u00f3 el a\u00f1o 2014. Sin embargo por la envergadura, trascendencia y resultados obtenidos, los miembros activos del proyecto decidieron continuar con \u00e9l. La Universidad de Valpara\u00edso continu\u00f3 patrocinando el proyecto en forma ininterrumpida y es as\u00ed como en estos \u00faltimos a\u00f1os, se ha continuado con r\u00e9plicas CINELA en distintos pa\u00edses respondiendo a esfuerzos e iniciativas individuales y con financiamiento de gobiernos, universidades y sociedades cient\u00edficas.<\/p>\n\n\n\n<p>Hoy d\u00eda el proyecto CINELA est\u00e1 renovado y sus miembros actualizaron completamente el programa en base a la mejor evidencia disponible. Sus derechos pasaron a ASLACI quien se encargar\u00e1 en el futuro de continuar con esta iniciativa y hacerla crecer.<\/p>\n\n\n\n<p>Integrantes actuales del proyecto (en orden alfab\u00e9tico)<\/p>\n\n\n\n<p>Enf. Elena Graciela Andio\u0301n, Argentina.<br>Enf. Pola Brenner Friedmann Chile.<br>Dr. Fernando Espinosa Osorio, Bolivia.<br>Dr. Luis Elpidio Fe\u0301liz Fe\u0301liz, Repu\u0301blica Dominicana.<br>Enf. Silvia Guerra, Uruguay.<br>Dra. Milagros Herrera Ri\u0301os, Panama\u0301.<br>Dr. Patricio Nercelles Mun\u0303oz, Chile.<br>Enf. Mo\u0301nica Silvestre, Guatemala.<br>Dra. Carmen Soria Segarra, Ecuador.<br>Dra. Roxana Trejo Gonza\u0301lez, Me\u0301xico.<br>Dr. Marti\u0301n Yagui Moscoso, Peru\u0301.<\/p>\n\n\n\n<h1 class=\"wp-block-heading\">Descargar CINELA Project: Controlling Hospital Infections in Latin American countries &#8211; preliminary results<\/h1>\n\n\n\n<p><a href=\"https:\/\/aslaci.org\/img\/documentos\/infection%20control%2005.pdf\" target=\"_blank\" rel=\"noreferrer noopener\">Descargar documento completo.<\/a><\/p>\n","protected":false},"excerpt":{"rendered":"<p>CINELA es un proyecto de capacitaci\u00f3n en infecciones asociadas a la atenci\u00f3n en salud (IAAS) para latinoam\u00e9rica. Surgi\u00f3 como iniciativa de profesionales de la Universidad<\/p>\n","protected":false},"author":1,"featured_media":0,"parent":0,"menu_order":0,"comment_status":"closed","ping_status":"closed","template":"","meta":{"footnotes":""},"class_list":["post-46","page","type-page","status-publish","hentry"],"_links":{"self":[{"href":"https:\/\/www.aslaci.org\/web\/wp-json\/wp\/v2\/pages\/46","targetHints":{"allow":["GET"]}}],"collection":[{"href":"https:\/\/www.aslaci.org\/web\/wp-json\/wp\/v2\/pages"}],"about":[{"href":"https:\/\/www.aslaci.org\/web\/wp-json\/wp\/v2\/types\/page"}],"author":[{"embeddable":true,"href":"https:\/\/www.aslaci.org\/web\/wp-json\/wp\/v2\/users\/1"}],"replies":[{"embeddable":true,"href":"https:\/\/www.aslaci.org\/web\/wp-json\/wp\/v2\/comments?post=46"}],"version-history":[{"count":1,"href":"https:\/\/www.aslaci.org\/web\/wp-json\/wp\/v2\/pages\/46\/revisions"}],"predecessor-version":[{"id":47,"href":"https:\/\/www.aslaci.org\/web\/wp-json\/wp\/v2\/pages\/46\/revisions\/47"}],"wp:attachment":[{"href":"https:\/\/www.aslaci.org\/web\/wp-json\/wp\/v2\/media?parent=46"}],"curies":[{"name":"wp","href":"https:\/\/api.w.org\/{rel}","templated":true}]}}