{"id":58,"date":"2022-09-14T17:59:25","date_gmt":"2022-09-14T17:59:25","guid":{"rendered":"https:\/\/www.aslaci.org\/web\/?page_id=58"},"modified":"2024-11-25T21:47:40","modified_gmt":"2024-11-25T21:47:40","slug":"afiliacion","status":"publish","type":"page","link":"https:\/\/www.aslaci.org\/web\/afiliacion\/","title":{"rendered":"Afiliaciones"},"content":{"rendered":"\n<p>FORMULARIO DE AFILIACI\u00d3N: <a href=\"https:\/\/forms.gle\/aPBCfKenrswA4dxq5\">https:\/\/forms.gle\/aPBCfKenrswA4dxq5<\/a><\/p>\n\n\n\n<p>Si decide ser parte de la comunidad ASLACI, complete el formulario de afiliaci\u00f3n, \u00fanica forma de asociarse. La afiliaci\u00f3n es gratuita.<br>Una vez asociado, si desea ser miembro del grupo de socios ASLACI en whatsapp envie un email a <a href=\"mailto:infoaslaci@gmail.com\">infoaslaci@gmail.com<\/a> con su nombre, tel\u00e9fono incluyendo el c\u00f3digo pa\u00eds y expresando su deseo de ser integrado en el grupo WhatsAPP (no realizamos inclusi\u00f3n autom\u00e1tica por ser socio, solo lo incluimos si le solicita expresamente).<\/p>\n\n\n\n<p><\/p>\n\n\n\n<p><\/p>\n\n\n\n<p><\/p>\n","protected":false},"excerpt":{"rendered":"<p>FORMULARIO DE AFILIACI\u00d3N: https:\/\/forms.gle\/aPBCfKenrswA4dxq5 Si decide ser parte de la comunidad ASLACI, complete el formulario de afiliaci\u00f3n, \u00fanica forma de asociarse. La afiliaci\u00f3n es gratuita.Una<\/p>\n","protected":false},"author":1,"featured_media":0,"parent":0,"menu_order":0,"comment_status":"closed","ping_status":"closed","template":"","meta":{"footnotes":""},"class_list":["post-58","page","type-page","status-publish","hentry"],"_links":{"self":[{"href":"https:\/\/www.aslaci.org\/web\/wp-json\/wp\/v2\/pages\/58","targetHints":{"allow":["GET"]}}],"collection":[{"href":"https:\/\/www.aslaci.org\/web\/wp-json\/wp\/v2\/pages"}],"about":[{"href":"https:\/\/www.aslaci.org\/web\/wp-json\/wp\/v2\/types\/page"}],"author":[{"embeddable":true,"href":"https:\/\/www.aslaci.org\/web\/wp-json\/wp\/v2\/users\/1"}],"replies":[{"embeddable":true,"href":"https:\/\/www.aslaci.org\/web\/wp-json\/wp\/v2\/comments?post=58"}],"version-history":[{"count":11,"href":"https:\/\/www.aslaci.org\/web\/wp-json\/wp\/v2\/pages\/58\/revisions"}],"predecessor-version":[{"id":573,"href":"https:\/\/www.aslaci.org\/web\/wp-json\/wp\/v2\/pages\/58\/revisions\/573"}],"wp:attachment":[{"href":"https:\/\/www.aslaci.org\/web\/wp-json\/wp\/v2\/media?parent=58"}],"curies":[{"name":"wp","href":"https:\/\/api.w.org\/{rel}","templated":true}]}}