{"id":69,"date":"2022-09-14T18:05:57","date_gmt":"2022-09-14T18:05:57","guid":{"rendered":"https:\/\/www.aslaci.org\/web\/?page_id=69"},"modified":"2022-09-14T18:06:07","modified_gmt":"2022-09-14T18:06:07","slug":"sitios-de-interes","status":"publish","type":"page","link":"https:\/\/www.aslaci.org\/web\/sitios-de-interes\/","title":{"rendered":"Sitios de inter\u00e9s"},"content":{"rendered":"\n<p><a href=\"https:\/\/www.who.int\/antimicrobial-resistance\/global-action-plan\/infection-prevention-control\/es\/\" target=\"_blank\" rel=\"noreferrer noopener\">Organizacion Mundial de la Salud (OMS). Control de infecciones (en espa\u00f1ol)<\/a><\/p>\n\n\n\n<p><a href=\"https:\/\/www.paho.org\/hq\/index.php?option=com_topics&amp;view=article&amp;id=342&amp;Itemid=1926&amp;lang=es\" target=\"_blank\" rel=\"noreferrer noopener\">Organizaci\u00f3n Panamericana de la Salud (PAHO) (en espa\u00f1ol)<\/a><\/p>\n\n\n\n<p><a href=\"http:\/\/www.apinfectologia.com\/\">Asociacion Panamericana de Infectologia (en espa\u00f1ol)<\/a><\/p>\n\n\n\n<p><a href=\"https:\/\/espanol.cdc.gov\/enes\/flu\/professionals\/infectioncontrol\/index.htm\" target=\"_blank\" rel=\"noreferrer noopener\">Centros para el Control y la Prevencion de Enfermedades (CDC) (en espa\u00f1ol)<\/a><\/p>\n\n\n\n<p><a href=\"http:\/\/www.sociedad-iih.cl\/\">Sociedad Chilena de control de infecciones (en espa\u00f1ol)<\/a><\/p>\n\n\n\n<p><a href=\"http:\/\/www.sociedad-iih.cl\/\" target=\"_blank\" rel=\"noreferrer noopener\">Sociedad chilena de infectologia<\/a><\/p>\n\n\n\n<p><a href=\"https:\/\/www.sempsph.com\/\">Sociedad espa\u00f1ola de medicina preventiva, salud p\u00fablica e higiene<\/a><\/p>\n\n\n\n<p><a href=\"http:\/\/www.adeci.org.ar\/\">Asociaci\u00f3n Argentina de Enfermeros en Control de Infecciones, ADECI<\/a><\/p>\n\n\n\n<p><a href=\"https:\/\/amein.org.mx\/\">Asociaci\u00f3n Mexicana para el Estudio de las Infecciones Nosocomiales A.C. (AMEIN)<\/a><\/p>\n\n\n\n<p><a href=\"http:\/\/felaceh.org\/\">Federaci\u00f3n latinoamericana de Ciencias de la esterilizaci\u00f3n hospitalaria (en espa\u00f1ol)<\/a><\/p>\n\n\n\n<p><a href=\"http:\/\/www.aestu.org.uy\/\">Asociaci\u00f3n de Esterilizaci\u00f3n del Uruguay (en espa\u00f1ol)<\/a><\/p>\n\n\n\n<p><a href=\"http:\/\/www.infectologia.edu.uy\/\">C\u00e1tedra de Enfermedades Infecciosas<br>Facultad de Medicina, Uruguay (en espa\u00f1ol)<\/a><\/p>\n\n\n\n<p><a href=\"https:\/\/www.cdc.gov\/infectioncontrol\/\">Centers for Disease Control and Prevention (en ingles)<\/a><\/p>\n\n\n\n<p><a href=\"http:\/\/theific.org\/\">International Federation of Infection Control (en ingles)<\/a><\/p>\n\n\n\n<p><a href=\"https:\/\/www.shea-online.org\/\">Society for Healthcare Epidemiology of America (SHEA) (en ingles)<\/a><\/p>\n\n\n\n<p><a href=\"https:\/\/www.idsociety.org\/\">IDSA Infectious Disease Society of America (en ingles)<\/a><\/p>\n\n\n\n<p><a href=\"https:\/\/ecdc.europa.eu\/en\/healthcare-associated-infections\">European Centre for Disease Prevention and Control (en ingles)<\/a><\/p>\n\n\n\n<p><a href=\"https:\/\/apic.org\/consumers\/materials-for-healthcare-facilities\/\">Association for Professionals in Infection Control and Epidemiology (APIC) (en ingles)<\/a><\/p>\n\n\n\n<p><a href=\"http:\/\/www.ihi.org\/\">Institute for Healthcare Improvement (IHI) (en ingles)<\/a><\/p>\n\n\n\n<p><a href=\"https:\/\/www.nice.org.uk\/\">National Institute for Health and Care Excellence (NICE) (en ingles)<\/a><\/p>\n","protected":false},"excerpt":{"rendered":"<p>Organizacion Mundial de la Salud (OMS). Control de infecciones (en espa\u00f1ol) Organizaci\u00f3n Panamericana de la Salud (PAHO) (en espa\u00f1ol) Asociacion Panamericana de Infectologia (en espa\u00f1ol)<\/p>\n","protected":false},"author":1,"featured_media":0,"parent":0,"menu_order":0,"comment_status":"closed","ping_status":"closed","template":"","meta":{"footnotes":""},"class_list":["post-69","page","type-page","status-publish","hentry"],"_links":{"self":[{"href":"https:\/\/www.aslaci.org\/web\/wp-json\/wp\/v2\/pages\/69","targetHints":{"allow":["GET"]}}],"collection":[{"href":"https:\/\/www.aslaci.org\/web\/wp-json\/wp\/v2\/pages"}],"about":[{"href":"https:\/\/www.aslaci.org\/web\/wp-json\/wp\/v2\/types\/page"}],"author":[{"embeddable":true,"href":"https:\/\/www.aslaci.org\/web\/wp-json\/wp\/v2\/users\/1"}],"replies":[{"embeddable":true,"href":"https:\/\/www.aslaci.org\/web\/wp-json\/wp\/v2\/comments?post=69"}],"version-history":[{"count":2,"href":"https:\/\/www.aslaci.org\/web\/wp-json\/wp\/v2\/pages\/69\/revisions"}],"predecessor-version":[{"id":71,"href":"https:\/\/www.aslaci.org\/web\/wp-json\/wp\/v2\/pages\/69\/revisions\/71"}],"wp:attachment":[{"href":"https:\/\/www.aslaci.org\/web\/wp-json\/wp\/v2\/media?parent=69"}],"curies":[{"name":"wp","href":"https:\/\/api.w.org\/{rel}","templated":true}]}}